{"id":9691,"date":"2024-05-20T18:30:01","date_gmt":"2024-05-20T15:30:01","guid":{"rendered":"https:\/\/www.sphynx.ch\/produkte\/"},"modified":"2025-04-17T14:15:31","modified_gmt":"2025-04-17T11:15:31","slug":"produkte","status":"publish","type":"page","link":"https:\/\/sphynx.ch\/de\/produkte\/","title":{"rendered":"Unsere Produkte"},"content":{"rendered":"\t\t<div data-elementor-type=\"wp-page\" data-elementor-id=\"9691\" class=\"elementor elementor-9691 elementor-15\" data-elementor-post-type=\"page\">\n\t\t\t\t<div class=\"elementor-element elementor-element-8f27560 hero hero-bg--dark e-flex e-con-boxed e-con e-parent\" data-id=\"8f27560\" data-element_type=\"container\" data-e-type=\"container\" data-settings=\"{&quot;background_background&quot;:&quot;classic&quot;}\">\n\t\t\t\t\t<div class=\"e-con-inner\">\n\t\t\t\t<div class=\"elementor-element elementor-element-ede90b5 header-title elementor-widget elementor-widget-heading\" data-id=\"ede90b5\" data-element_type=\"widget\" data-e-type=\"widget\" data-widget_type=\"heading.default\">\n\t\t\t\t<div class=\"elementor-widget-container\">\n\t\t\t\t\t<h1 class=\"elementor-heading-title elementor-size-default\">Produkte<\/h1>\t\t\t\t<\/div>\n\t\t\t\t<\/div>\n\t\t\t\t<div class=\"elementor-element elementor-element-59095cd elementor-widget elementor-widget-text-editor\" data-id=\"59095cd\" data-element_type=\"widget\" data-e-type=\"widget\" data-widget_type=\"text-editor.default\">\n\t\t\t\t<div class=\"elementor-widget-container\">\n\t\t\t\t\t\t\t\t\t<p>Sphynx bietet Produkte und L\u00f6sungen sowie Beratungsdienstleistungen in den Bereichen Cyber Intelligence, Analytik, Incident Response, Absicherung und Zertifizierung.<\/p>\t\t\t\t\t\t\t\t<\/div>\n\t\t\t\t<\/div>\n\t\t\t\t\t<\/div>\n\t\t\t\t<\/div>\n\t\t<div class=\"elementor-element elementor-element-7044631e e-con-full content-main e-flex e-con e-parent\" data-id=\"7044631e\" data-element_type=\"container\" data-e-type=\"container\">\n\t\t<div class=\"elementor-element elementor-element-1ec38c2 content-container e-flex e-con-boxed e-con e-child\" data-id=\"1ec38c2\" data-element_type=\"container\" data-e-type=\"container\">\n\t\t\t\t\t<div class=\"e-con-inner\">\n\t\t<div class=\"elementor-element elementor-element-1597539 e-con-full e-flex e-con e-child\" data-id=\"1597539\" data-element_type=\"container\" data-e-type=\"container\">\n\t\t<div class=\"elementor-element elementor-element-2e054a4 e-con-full img-shadow e-flex e-con e-child\" data-id=\"2e054a4\" data-element_type=\"container\" data-e-type=\"container\">\n\t\t<div class=\"elementor-element elementor-element-d7c99c7 e-con-full e-flex e-con e-child\" data-id=\"d7c99c7\" data-element_type=\"container\" data-e-type=\"container\">\n\t\t\t\t<div class=\"elementor-element elementor-element-4f781a1 elementor-widget elementor-widget-heading\" data-id=\"4f781a1\" data-element_type=\"widget\" data-e-type=\"widget\" data-widget_type=\"heading.default\">\n\t\t\t\t<div class=\"elementor-widget-container\">\n\t\t\t\t\t<h2 class=\"elementor-heading-title elementor-size-default\"><a href=\"https:\/\/sphynx.ch\/de\/produkte\/sphynx-suite-fur-sicherheit-und-datenschutz-spa\/\">Sphynx Suite f\u00fcr Sicherheit und Datenschutz (SPA)<\/a><\/h2>\t\t\t\t<\/div>\n\t\t\t\t<\/div>\n\t\t\t\t<div class=\"elementor-element elementor-element-acb244e elementor-widget elementor-widget-heading\" data-id=\"acb244e\" data-element_type=\"widget\" data-e-type=\"widget\" data-widget_type=\"heading.default\">\n\t\t\t\t<div class=\"elementor-widget-container\">\n\t\t\t\t\t<span class=\"elementor-heading-title elementor-size-default\">Angesichts der zunehmenden Cyberbedrohungen, die aus den multiplen Quellen stammen und sich heutzutage durch die Komplexit\u00e4t von KI-Tools und -Systeme kontinuierlich weiterentwickeln, stehen Unternehmen vor zahlreichen Herausforderungen, die nach einem umfassenden Schutz von Assets und Daten vor Cybersicherheitsbedrohungen sowie Einhaltung von gesetzlicher Regelungen rufen.<\/span>\t\t\t\t<\/div>\n\t\t\t\t<\/div>\n\t\t\t\t<div class=\"elementor-element elementor-element-2a73924 elementor-widget elementor-widget-heading\" data-id=\"2a73924\" data-element_type=\"widget\" data-e-type=\"widget\" data-widget_type=\"heading.default\">\n\t\t\t\t<div class=\"elementor-widget-container\">\n\t\t\t\t\t<span class=\"elementor-heading-title elementor-size-default\">Sphynx bietet eine all-in-one Sicherheits- und Datenschutz-L\u00f6sung, die Unternehmen erm\u00e4chtigt, ihre Risiken umfassend zu bewerten, und dar\u00fcber hinaus fortschrittliche Tools aus dem Stand der Technik einzusetzen, um aufkommende Cyberbedrohungen zu \u00fcberwachen, zu mindern, darauf zu reagieren, fundierte Entscheidungen zu treffen, und Lehren zu ziehen.<\/span>\t\t\t\t<\/div>\n\t\t\t\t<\/div>\n\t\t\t\t<div class=\"elementor-element elementor-element-fbf7975 elementor-widget elementor-widget-button\" data-id=\"fbf7975\" data-element_type=\"widget\" data-e-type=\"widget\" data-widget_type=\"button.default\">\n\t\t\t\t<div class=\"elementor-widget-container\">\n\t\t\t\t\t\t\t\t\t<div class=\"elementor-button-wrapper\">\n\t\t\t\t\t<a class=\"elementor-button elementor-button-link elementor-size-sm\" href=\"https:\/\/sphynx.ch\/de\/produkte\/sphynx-suite-fur-sicherheit-und-datenschutz-spa\/\">\n\t\t\t\t\t\t<span class=\"elementor-button-content-wrapper\">\n\t\t\t\t\t\t\t\t\t<span class=\"elementor-button-text\">Mehr erfahren<\/span>\n\t\t\t\t\t<\/span>\n\t\t\t\t\t<\/a>\n\t\t\t\t<\/div>\n\t\t\t\t\t\t\t\t<\/div>\n\t\t\t\t<\/div>\n\t\t\t\t<\/div>\n\t\t<div class=\"elementor-element elementor-element-c77363e e-con-full e-flex e-con e-child\" data-id=\"c77363e\" data-element_type=\"container\" data-e-type=\"container\" data-settings=\"{&quot;background_background&quot;:&quot;classic&quot;}\">\n\t\t\t\t<\/div>\n\t\t\t\t<\/div>\n\t\t\t\t<\/div>\n\t\t<div class=\"elementor-element elementor-element-1d721d2 e-con-full e-flex e-con e-child\" data-id=\"1d721d2\" data-element_type=\"container\" data-e-type=\"container\">\n\t\t<div class=\"elementor-element elementor-element-ed02eaa e-con-full e-flex e-con e-child\" data-id=\"ed02eaa\" data-element_type=\"container\" data-e-type=\"container\">\n\t\t<div class=\"elementor-element elementor-element-ab3c3aa e-con-full e-flex e-con e-child\" data-id=\"ab3c3aa\" data-element_type=\"container\" data-e-type=\"container\">\n\t\t\t\t<div class=\"elementor-element elementor-element-4d67a32 elementor-widget elementor-widget-heading\" data-id=\"4d67a32\" data-element_type=\"widget\" data-e-type=\"widget\" data-widget_type=\"heading.default\">\n\t\t\t\t<div class=\"elementor-widget-container\">\n\t\t\t\t\t<h2 class=\"elementor-heading-title elementor-size-default\"><a href=\"https:\/\/sphynx.ch\/de\/produkte\/sphynx-soar\/\">Sphynx SOAR<\/a><\/h2>\t\t\t\t<\/div>\n\t\t\t\t<\/div>\n\t\t\t\t<div class=\"elementor-element elementor-element-09f5d0d elementor-widget elementor-widget-heading\" data-id=\"09f5d0d\" data-element_type=\"widget\" data-e-type=\"widget\" data-widget_type=\"heading.default\">\n\t\t\t\t<div class=\"elementor-widget-container\">\n\t\t\t\t\t<span class=\"elementor-heading-title elementor-size-default\">SOAR-L\u00f6sung (Sicherheitsorchestrierung, Automatisierung und Reaktion).<\/span>\t\t\t\t<\/div>\n\t\t\t\t<\/div>\n\t\t\t\t<\/div>\n\t\t\t\t<div class=\"elementor-element elementor-element-4ab3cf6 elementor-widget elementor-widget-button\" data-id=\"4ab3cf6\" data-element_type=\"widget\" data-e-type=\"widget\" data-widget_type=\"button.default\">\n\t\t\t\t<div class=\"elementor-widget-container\">\n\t\t\t\t\t\t\t\t\t<div class=\"elementor-button-wrapper\">\n\t\t\t\t\t<a class=\"elementor-button elementor-button-link elementor-size-sm\" href=\"https:\/\/sphynx.ch\/de\/produkte\/sphynx-soar\/\">\n\t\t\t\t\t\t<span class=\"elementor-button-content-wrapper\">\n\t\t\t\t\t\t\t\t\t<span class=\"elementor-button-text\">Mehr erfahren<\/span>\n\t\t\t\t\t<\/span>\n\t\t\t\t\t<\/a>\n\t\t\t\t<\/div>\n\t\t\t\t\t\t\t\t<\/div>\n\t\t\t\t<\/div>\n\t\t\t\t<\/div>\n\t\t<div class=\"elementor-element elementor-element-dc6e480 e-con-full e-flex e-con e-child\" data-id=\"dc6e480\" data-element_type=\"container\" data-e-type=\"container\">\n\t\t<div class=\"elementor-element elementor-element-184847d e-con-full e-flex e-con e-child\" data-id=\"184847d\" data-element_type=\"container\" data-e-type=\"container\">\n\t\t\t\t<div class=\"elementor-element elementor-element-8c08d57 elementor-widget elementor-widget-heading\" data-id=\"8c08d57\" data-element_type=\"widget\" data-e-type=\"widget\" data-widget_type=\"heading.default\">\n\t\t\t\t<div class=\"elementor-widget-container\">\n\t\t\t\t\t<h2 class=\"elementor-heading-title elementor-size-default\"><a href=\"https:\/\/sphynx.ch\/de\/produkte\/sphynx-cyber-range\/\">Sphynx Cyber Range<\/a><\/h2>\t\t\t\t<\/div>\n\t\t\t\t<\/div>\n\t\t\t\t<div class=\"elementor-element elementor-element-50eb3e3 elementor-widget elementor-widget-heading\" data-id=\"50eb3e3\" data-element_type=\"widget\" data-e-type=\"widget\" data-widget_type=\"heading.default\">\n\t\t\t\t<div class=\"elementor-widget-container\">\n\t\t\t\t\t<span class=\"elementor-heading-title elementor-size-default\">Ein sicheres Test- und Schulungsumgebung, zum Schulen von den Mitarbeitern und deren Vorbereitung auf alle m\u00f6glichen Szenarien.\n<\/span>\t\t\t\t<\/div>\n\t\t\t\t<\/div>\n\t\t\t\t<\/div>\n\t\t\t\t<div class=\"elementor-element elementor-element-f4c5e7e elementor-widget elementor-widget-button\" data-id=\"f4c5e7e\" data-element_type=\"widget\" data-e-type=\"widget\" data-widget_type=\"button.default\">\n\t\t\t\t<div class=\"elementor-widget-container\">\n\t\t\t\t\t\t\t\t\t<div class=\"elementor-button-wrapper\">\n\t\t\t\t\t<a class=\"elementor-button elementor-button-link elementor-size-sm\" href=\"https:\/\/sphynx.ch\/de\/produkte\/sphynx-cyber-range\/\">\n\t\t\t\t\t\t<span class=\"elementor-button-content-wrapper\">\n\t\t\t\t\t\t\t\t\t<span class=\"elementor-button-text\">Mehr erfahren<\/span>\n\t\t\t\t\t<\/span>\n\t\t\t\t\t<\/a>\n\t\t\t\t<\/div>\n\t\t\t\t\t\t\t\t<\/div>\n\t\t\t\t<\/div>\n\t\t\t\t<\/div>\n\t\t<div class=\"elementor-element elementor-element-c0eb696 e-con-full e-flex e-con e-child\" data-id=\"c0eb696\" data-element_type=\"container\" data-e-type=\"container\">\n\t\t<div class=\"elementor-element elementor-element-4b341a4 e-con-full e-flex e-con e-child\" data-id=\"4b341a4\" data-element_type=\"container\" data-e-type=\"container\">\n\t\t\t\t<div class=\"elementor-element elementor-element-ab49ba7 elementor-widget elementor-widget-heading\" data-id=\"ab49ba7\" data-element_type=\"widget\" data-e-type=\"widget\" data-widget_type=\"heading.default\">\n\t\t\t\t<div class=\"elementor-widget-container\">\n\t\t\t\t\t<h2 class=\"elementor-heading-title elementor-size-default\"><a href=\"https:\/\/sphynx.ch\/de\/produkte\/sphynx-sicherheitsanalytik\/\">Sphynx Sicherheitsanalytik<\/a><\/h2>\t\t\t\t<\/div>\n\t\t\t\t<\/div>\n\t\t\t\t<div class=\"elementor-element elementor-element-a560039 elementor-widget elementor-widget-heading\" data-id=\"a560039\" data-element_type=\"widget\" data-e-type=\"widget\" data-widget_type=\"heading.default\">\n\t\t\t\t<div class=\"elementor-widget-container\">\n\t\t\t\t\t<span class=\"elementor-heading-title elementor-size-default\">Umfassende Intelligenz zur Sicherheit durch automatisiertes Machine Learning und Advanced Analytics.<\/span>\t\t\t\t<\/div>\n\t\t\t\t<\/div>\n\t\t\t\t<\/div>\n\t\t\t\t<div class=\"elementor-element elementor-element-4be82a8 elementor-widget elementor-widget-button\" data-id=\"4be82a8\" data-element_type=\"widget\" data-e-type=\"widget\" data-widget_type=\"button.default\">\n\t\t\t\t<div class=\"elementor-widget-container\">\n\t\t\t\t\t\t\t\t\t<div class=\"elementor-button-wrapper\">\n\t\t\t\t\t<a class=\"elementor-button elementor-button-link elementor-size-sm\" href=\"https:\/\/sphynx.ch\/de\/produkte\/sphynx-sicherheitsanalytik\/\">\n\t\t\t\t\t\t<span class=\"elementor-button-content-wrapper\">\n\t\t\t\t\t\t\t\t\t<span class=\"elementor-button-text\">Mehr erfahren<\/span>\n\t\t\t\t\t<\/span>\n\t\t\t\t\t<\/a>\n\t\t\t\t<\/div>\n\t\t\t\t\t\t\t\t<\/div>\n\t\t\t\t<\/div>\n\t\t\t\t<\/div>\n\t\t\t\t<\/div>\n\t\t\t\t\t<\/div>\n\t\t\t\t<\/div>\n\t\t\t\t<\/div>\n\t\t\t\t<\/div>\n\t\t","protected":false},"excerpt":{"rendered":"<p>Unsere produkte Produkte Sphynx bietet Produkte und L\u00f6sungen sowie Beratungsdienstleistungen in den Bereichen Cyber Intelligence, Analytik, Incident Response, Absicherung und Zertifizierung. Sphynx Suite f\u00fcr Sicherheit und Datenschutz (SPA) Angesichts der zunehmenden Cyberbedrohungen, die aus den multiplen Quellen stammen und sich heutzutage durch die Komplexit\u00e4t von KI-Tools und -Systeme kontinuierlich weiterentwickeln, stehen Unternehmen vor zahlreichen Herausforderungen, [&hellip;]<\/p>\n","protected":false},"author":8,"featured_media":0,"parent":0,"menu_order":0,"comment_status":"closed","ping_status":"closed","template":"","meta":{"_acf_changed":false,"inline_featured_image":false,"footnotes":""},"class_list":["post-9691","page","type-page","status-publish","hentry"],"acf":[],"yoast_head":"<!-- This site is optimized with the Yoast SEO plugin v27.5 - https:\/\/yoast.com\/product\/yoast-seo-wordpress\/ -->\n<title>Unsere Produkte - Sphynx<\/title>\n<meta name=\"description\" content=\"Sphynx bietet Produkte und L\u00f6sungen sowie Beratungsdienste in den Bereichen Cyber Intelligence, Analytik, Incident Response, Assurance und Zertifizierung.\" \/>\n<meta name=\"robots\" content=\"index, follow, max-snippet:-1, max-image-preview:large, max-video-preview:-1\" \/>\n<link rel=\"canonical\" href=\"https:\/\/sphynx.ch\/de\/produkte\/\" \/>\n<meta property=\"og:locale\" content=\"de_DE\" \/>\n<meta property=\"og:type\" content=\"article\" \/>\n<meta property=\"og:title\" content=\"Unsere Produkte - Sphynx\" \/>\n<meta property=\"og:description\" content=\"Sphynx bietet Produkte und L\u00f6sungen sowie Beratungsdienste in den Bereichen Cyber Intelligence, Analytik, Incident Response, Assurance und Zertifizierung.\" \/>\n<meta property=\"og:url\" content=\"https:\/\/sphynx.ch\/de\/produkte\/\" \/>\n<meta property=\"og:site_name\" content=\"Sphynx\" \/>\n<meta property=\"article:modified_time\" content=\"2025-04-17T11:15:31+00:00\" \/>\n<meta property=\"og:image\" content=\"https:\/\/sphynx.ch\/wp-content\/uploads\/2025\/02\/OG-Image.webp\" \/>\n\t<meta property=\"og:image:width\" content=\"1200\" \/>\n\t<meta property=\"og:image:height\" content=\"675\" \/>\n\t<meta property=\"og:image:type\" content=\"image\/webp\" \/>\n<meta name=\"twitter:card\" content=\"summary_large_image\" \/>\n<meta name=\"twitter:label1\" content=\"Est. reading time\" \/>\n\t<meta name=\"twitter:data1\" content=\"1 minute\" \/>\n<script type=\"application\/ld+json\" class=\"yoast-schema-graph\">{\"@context\":\"https:\\\/\\\/schema.org\",\"@graph\":[{\"@type\":\"WebPage\",\"@id\":\"https:\\\/\\\/sphynx.ch\\\/de\\\/produkte\\\/\",\"url\":\"https:\\\/\\\/sphynx.ch\\\/de\\\/produkte\\\/\",\"name\":\"Unsere Produkte - Sphynx\",\"isPartOf\":{\"@id\":\"https:\\\/\\\/sphynx.ch\\\/de\\\/#website\"},\"datePublished\":\"2024-05-20T15:30:01+00:00\",\"dateModified\":\"2025-04-17T11:15:31+00:00\",\"description\":\"Sphynx bietet Produkte und L\u00f6sungen sowie Beratungsdienste in den Bereichen Cyber Intelligence, Analytik, Incident Response, Assurance und Zertifizierung.\",\"breadcrumb\":{\"@id\":\"https:\\\/\\\/sphynx.ch\\\/de\\\/produkte\\\/#breadcrumb\"},\"inLanguage\":\"de-DE\",\"potentialAction\":[{\"@type\":\"ReadAction\",\"target\":[\"https:\\\/\\\/sphynx.ch\\\/de\\\/produkte\\\/\"]}]},{\"@type\":\"BreadcrumbList\",\"@id\":\"https:\\\/\\\/sphynx.ch\\\/de\\\/produkte\\\/#breadcrumb\",\"itemListElement\":[{\"@type\":\"ListItem\",\"position\":1,\"name\":\"Home\",\"item\":\"https:\\\/\\\/sphynx.ch\\\/de\\\/\"},{\"@type\":\"ListItem\",\"position\":2,\"name\":\"Unsere Produkte\"}]},{\"@type\":\"WebSite\",\"@id\":\"https:\\\/\\\/sphynx.ch\\\/de\\\/#website\",\"url\":\"https:\\\/\\\/sphynx.ch\\\/de\\\/\",\"name\":\"Sphynx\",\"description\":\"Cutting-edge Cybersecurity Technologies\",\"publisher\":{\"@id\":\"https:\\\/\\\/sphynx.ch\\\/de\\\/#organization\"},\"potentialAction\":[{\"@type\":\"SearchAction\",\"target\":{\"@type\":\"EntryPoint\",\"urlTemplate\":\"https:\\\/\\\/sphynx.ch\\\/de\\\/?s={search_term_string}\"},\"query-input\":{\"@type\":\"PropertyValueSpecification\",\"valueRequired\":true,\"valueName\":\"search_term_string\"}}],\"inLanguage\":\"de-DE\"},{\"@type\":\"Organization\",\"@id\":\"https:\\\/\\\/sphynx.ch\\\/de\\\/#organization\",\"name\":\"Sphynx\",\"url\":\"https:\\\/\\\/sphynx.ch\\\/de\\\/\",\"logo\":{\"@type\":\"ImageObject\",\"inLanguage\":\"de-DE\",\"@id\":\"https:\\\/\\\/sphynx.ch\\\/de\\\/#\\\/schema\\\/logo\\\/image\\\/\",\"url\":\"https:\\\/\\\/sphynx.ch\\\/wp-content\\\/uploads\\\/2025\\\/02\\\/OG-Image.webp\",\"contentUrl\":\"https:\\\/\\\/sphynx.ch\\\/wp-content\\\/uploads\\\/2025\\\/02\\\/OG-Image.webp\",\"width\":1200,\"height\":675,\"caption\":\"Sphynx\"},\"image\":{\"@id\":\"https:\\\/\\\/sphynx.ch\\\/de\\\/#\\\/schema\\\/logo\\\/image\\\/\"}}]}<\/script>\n<!-- \/ Yoast SEO plugin. -->","yoast_head_json":{"title":"Unsere Produkte - Sphynx","description":"Sphynx bietet Produkte und L\u00f6sungen sowie Beratungsdienste in den Bereichen Cyber Intelligence, Analytik, Incident Response, Assurance und Zertifizierung.","robots":{"index":"index","follow":"follow","max-snippet":"max-snippet:-1","max-image-preview":"max-image-preview:large","max-video-preview":"max-video-preview:-1"},"canonical":"https:\/\/sphynx.ch\/de\/produkte\/","og_locale":"de_DE","og_type":"article","og_title":"Unsere Produkte - Sphynx","og_description":"Sphynx bietet Produkte und L\u00f6sungen sowie Beratungsdienste in den Bereichen Cyber Intelligence, Analytik, Incident Response, Assurance und Zertifizierung.","og_url":"https:\/\/sphynx.ch\/de\/produkte\/","og_site_name":"Sphynx","article_modified_time":"2025-04-17T11:15:31+00:00","og_image":[{"width":1200,"height":675,"url":"https:\/\/sphynx.ch\/wp-content\/uploads\/2025\/02\/OG-Image.webp","type":"image\/webp"}],"twitter_card":"summary_large_image","twitter_misc":{"Est. reading time":"1 minute"},"schema":{"@context":"https:\/\/schema.org","@graph":[{"@type":"WebPage","@id":"https:\/\/sphynx.ch\/de\/produkte\/","url":"https:\/\/sphynx.ch\/de\/produkte\/","name":"Unsere Produkte - Sphynx","isPartOf":{"@id":"https:\/\/sphynx.ch\/de\/#website"},"datePublished":"2024-05-20T15:30:01+00:00","dateModified":"2025-04-17T11:15:31+00:00","description":"Sphynx bietet Produkte und L\u00f6sungen sowie Beratungsdienste in den Bereichen Cyber Intelligence, Analytik, Incident Response, Assurance und Zertifizierung.","breadcrumb":{"@id":"https:\/\/sphynx.ch\/de\/produkte\/#breadcrumb"},"inLanguage":"de-DE","potentialAction":[{"@type":"ReadAction","target":["https:\/\/sphynx.ch\/de\/produkte\/"]}]},{"@type":"BreadcrumbList","@id":"https:\/\/sphynx.ch\/de\/produkte\/#breadcrumb","itemListElement":[{"@type":"ListItem","position":1,"name":"Home","item":"https:\/\/sphynx.ch\/de\/"},{"@type":"ListItem","position":2,"name":"Unsere Produkte"}]},{"@type":"WebSite","@id":"https:\/\/sphynx.ch\/de\/#website","url":"https:\/\/sphynx.ch\/de\/","name":"Sphynx","description":"Cutting-edge Cybersecurity Technologies","publisher":{"@id":"https:\/\/sphynx.ch\/de\/#organization"},"potentialAction":[{"@type":"SearchAction","target":{"@type":"EntryPoint","urlTemplate":"https:\/\/sphynx.ch\/de\/?s={search_term_string}"},"query-input":{"@type":"PropertyValueSpecification","valueRequired":true,"valueName":"search_term_string"}}],"inLanguage":"de-DE"},{"@type":"Organization","@id":"https:\/\/sphynx.ch\/de\/#organization","name":"Sphynx","url":"https:\/\/sphynx.ch\/de\/","logo":{"@type":"ImageObject","inLanguage":"de-DE","@id":"https:\/\/sphynx.ch\/de\/#\/schema\/logo\/image\/","url":"https:\/\/sphynx.ch\/wp-content\/uploads\/2025\/02\/OG-Image.webp","contentUrl":"https:\/\/sphynx.ch\/wp-content\/uploads\/2025\/02\/OG-Image.webp","width":1200,"height":675,"caption":"Sphynx"},"image":{"@id":"https:\/\/sphynx.ch\/de\/#\/schema\/logo\/image\/"}}]}},"_links":{"self":[{"href":"https:\/\/sphynx.ch\/de\/wp-json\/wp\/v2\/pages\/9691","targetHints":{"allow":["GET"]}}],"collection":[{"href":"https:\/\/sphynx.ch\/de\/wp-json\/wp\/v2\/pages"}],"about":[{"href":"https:\/\/sphynx.ch\/de\/wp-json\/wp\/v2\/types\/page"}],"author":[{"embeddable":true,"href":"https:\/\/sphynx.ch\/de\/wp-json\/wp\/v2\/users\/8"}],"replies":[{"embeddable":true,"href":"https:\/\/sphynx.ch\/de\/wp-json\/wp\/v2\/comments?post=9691"}],"version-history":[{"count":20,"href":"https:\/\/sphynx.ch\/de\/wp-json\/wp\/v2\/pages\/9691\/revisions"}],"predecessor-version":[{"id":11191,"href":"https:\/\/sphynx.ch\/de\/wp-json\/wp\/v2\/pages\/9691\/revisions\/11191"}],"wp:attachment":[{"href":"https:\/\/sphynx.ch\/de\/wp-json\/wp\/v2\/media?parent=9691"}],"curies":[{"name":"wp","href":"https:\/\/api.w.org\/{rel}","templated":true}]}}