{"id":9648,"date":"2024-12-20T12:20:29","date_gmt":"2024-12-20T10:20:29","guid":{"rendered":"https:\/\/www.sphynx.ch\/buchen-sie-ein-meeting\/"},"modified":"2026-04-06T11:47:36","modified_gmt":"2026-04-06T08:47:36","slug":"buchen-sie-ein-meeting","status":"publish","type":"page","link":"https:\/\/sphynx.ch\/de\/buchen-sie-ein-meeting\/","title":{"rendered":"Buchen Sie ein Meeting"},"content":{"rendered":"\t\t<div data-elementor-type=\"wp-page\" data-elementor-id=\"9648\" class=\"elementor elementor-9648 elementor-5496\" data-elementor-post-type=\"page\">\n\t\t\t\t<div class=\"elementor-element elementor-element-57f93fe5 hero hero-bg--dark e-flex e-con-boxed e-con e-parent\" data-id=\"57f93fe5\" data-element_type=\"container\" data-e-type=\"container\" data-settings=\"{&quot;background_background&quot;:&quot;classic&quot;}\">\n\t\t\t\t\t<div class=\"e-con-inner\">\n\t\t\t\t<div class=\"elementor-element elementor-element-6040ec96 elementor-widget elementor-widget-heading\" data-id=\"6040ec96\" data-element_type=\"widget\" data-e-type=\"widget\" data-widget_type=\"heading.default\">\n\t\t\t\t<div class=\"elementor-widget-container\">\n\t\t\t\t\t<h1 class=\"elementor-heading-title elementor-size-default\">Buchen Sie ein Meeting<\/h1>\t\t\t\t<\/div>\n\t\t\t\t<\/div>\n\t\t\t\t<div class=\"elementor-element elementor-element-24863835 elementor-widget elementor-widget-text-editor\" data-id=\"24863835\" data-element_type=\"widget\" data-e-type=\"widget\" data-widget_type=\"text-editor.default\">\n\t\t\t\t<div class=\"elementor-widget-container\">\n\t\t\t\t\t\t\t\t\t<p>Vereinbaren Sie einen Termin mit uns, um herauszufinden, wie Ihre Organisation von unseren Dienstleistungen profitieren kann!<\/p>\n\t\t\t\t\t\t\t\t<\/div>\n\t\t\t\t<\/div>\n\t\t\t\t\t<\/div>\n\t\t\t\t<\/div>\n\t\t<div class=\"elementor-element elementor-element-a48e2f5 content-main e-flex e-con-boxed e-con e-parent\" data-id=\"a48e2f5\" data-element_type=\"container\" data-e-type=\"container\">\n\t\t\t\t\t<div class=\"e-con-inner\">\n\t\t<div class=\"elementor-element elementor-element-ab9c3bc e-con-full content-container e-flex e-con e-child\" data-id=\"ab9c3bc\" data-element_type=\"container\" data-e-type=\"container\">\n\t\t\t\t<div class=\"elementor-element elementor-element-2a0ccb9 elementor-widget elementor-widget-heading\" data-id=\"2a0ccb9\" data-element_type=\"widget\" data-e-type=\"widget\" data-widget_type=\"heading.default\">\n\t\t\t\t<div class=\"elementor-widget-container\">\n\t\t\t\t\t<h2 class=\"elementor-heading-title elementor-size-default\">Einen Anruf vereinbaren<\/h2>\t\t\t\t<\/div>\n\t\t\t\t<\/div>\n\t\t\t\t<div class=\"elementor-element elementor-element-f80b37d elementor-widget elementor-widget-text-editor\" data-id=\"f80b37d\" data-element_type=\"widget\" data-e-type=\"widget\" data-widget_type=\"text-editor.default\">\n\t\t\t\t<div class=\"elementor-widget-container\">\n\t\t\t\t\t\t\t\t\t<p>Geben Sie Ihre Daten ein und unser Team wird sich mit Ihnen in Verbindung setzen, um einen Termin f\u00fcr ein Einf\u00fchrungsgespr\u00e4ch zu vereinbaren:<\/p>\n\t\t\t\t\t\t\t\t<\/div>\n\t\t\t\t<\/div>\n\t\t\t\t<div class=\"elementor-element elementor-element-b4d8098 elementor-widget__width-initial elementor-button-align-center elementor-widget elementor-widget-form\" data-id=\"b4d8098\" data-element_type=\"widget\" data-e-type=\"widget\" data-settings=\"{&quot;step_next_label&quot;:&quot;N\\u00e4chste&quot;,&quot;step_previous_label&quot;:&quot;Vorherige&quot;,&quot;button_width_tablet&quot;:&quot;100&quot;,&quot;step_type&quot;:&quot;number_text&quot;,&quot;step_icon_shape&quot;:&quot;circle&quot;}\" data-widget_type=\"form.default\">\n\t\t\t\t<div class=\"elementor-widget-container\">\n\t\t\t\t\t\t\t<form class=\"elementor-form\" method=\"post\" id=\"bookameeting\" name=\"Buchen Sie ein Meeting\" aria-label=\"Buchen Sie ein Meeting\">\n\t\t\t<input type=\"hidden\" name=\"post_id\" value=\"9648\"\/>\n\t\t\t<input type=\"hidden\" name=\"form_id\" value=\"b4d8098\"\/>\n\t\t\t<input type=\"hidden\" name=\"referer_title\" value=\"Buchen Sie ein Meeting - Sphynx\" \/>\n\n\t\t\t\t\t\t\t<input type=\"hidden\" name=\"queried_id\" value=\"9648\"\/>\n\t\t\t\n\t\t\t<div class=\"elementor-form-fields-wrapper elementor-labels-above\">\n\t\t\t\t\t\t\t\t<div class=\"elementor-field-type-text elementor-field-group elementor-column elementor-field-group-name elementor-col-50 elementor-field-required elementor-mark-required\">\n\t\t\t\t\t\t\t\t\t\t\t\t<label for=\"form-field-name\" class=\"elementor-field-label\">\n\t\t\t\t\t\t\t\tVorname\t\t\t\t\t\t\t<\/label>\n\t\t\t\t\t\t\t\t\t\t\t\t\t\t<input size=\"1\" type=\"text\" name=\"form_fields[name]\" id=\"form-field-name\" class=\"elementor-field elementor-size-lg  elementor-field-textual\" required=\"required\">\n\t\t\t\t\t\t\t\t\t\t\t<\/div>\n\t\t\t\t\t\t\t\t<div class=\"elementor-field-type-text elementor-field-group elementor-column elementor-field-group-field_63f5bc2 elementor-col-50 elementor-field-required elementor-mark-required\">\n\t\t\t\t\t\t\t\t\t\t\t\t<label for=\"form-field-field_63f5bc2\" class=\"elementor-field-label\">\n\t\t\t\t\t\t\t\tNachname\t\t\t\t\t\t\t<\/label>\n\t\t\t\t\t\t\t\t\t\t\t\t\t\t<input size=\"1\" type=\"text\" name=\"form_fields[field_63f5bc2]\" id=\"form-field-field_63f5bc2\" class=\"elementor-field elementor-size-lg  elementor-field-textual\" required=\"required\">\n\t\t\t\t\t\t\t\t\t\t\t<\/div>\n\t\t\t\t\t\t\t\t<div class=\"elementor-field-type-email elementor-field-group elementor-column elementor-field-group-email elementor-col-50 elementor-field-required elementor-mark-required\">\n\t\t\t\t\t\t\t\t\t\t\t\t<label for=\"form-field-email\" class=\"elementor-field-label\">\n\t\t\t\t\t\t\t\tE-Mail\t\t\t\t\t\t\t<\/label>\n\t\t\t\t\t\t\t\t\t\t\t\t\t\t<input size=\"1\" type=\"email\" name=\"form_fields[email]\" id=\"form-field-email\" class=\"elementor-field elementor-size-lg  elementor-field-textual\" required=\"required\">\n\t\t\t\t\t\t\t\t\t\t\t<\/div>\n\t\t\t\t\t\t\t\t<div class=\"elementor-field-type-text elementor-field-group elementor-column elementor-field-group-field_c4b0106 elementor-col-50\">\n\t\t\t\t\t\t\t\t\t\t\t\t<label for=\"form-field-field_c4b0106\" class=\"elementor-field-label\">\n\t\t\t\t\t\t\t\tTelefon Nummer\t\t\t\t\t\t\t<\/label>\n\t\t\t\t\t\t\t\t\t\t\t\t\t\t<input size=\"1\" type=\"text\" name=\"form_fields[field_c4b0106]\" id=\"form-field-field_c4b0106\" class=\"elementor-field elementor-size-lg  elementor-field-textual\">\n\t\t\t\t\t\t\t\t\t\t\t<\/div>\n\t\t\t\t\t\t\t\t<div class=\"elementor-field-type-text elementor-field-group elementor-column elementor-field-group-field_6e312f9 elementor-col-33 elementor-field-required elementor-mark-required\">\n\t\t\t\t\t\t\t\t\t\t\t\t<label for=\"form-field-field_6e312f9\" class=\"elementor-field-label\">\n\t\t\t\t\t\t\t\tUnternehmen \/ Organisation\t\t\t\t\t\t\t<\/label>\n\t\t\t\t\t\t\t\t\t\t\t\t\t\t<input size=\"1\" type=\"text\" name=\"form_fields[field_6e312f9]\" id=\"form-field-field_6e312f9\" class=\"elementor-field elementor-size-lg  elementor-field-textual\" required=\"required\">\n\t\t\t\t\t\t\t\t\t\t\t<\/div>\n\t\t\t\t\t\t\t\t<div class=\"elementor-field-type-text elementor-field-group elementor-column elementor-field-group-field_9d4aa46 elementor-col-33\">\n\t\t\t\t\t\t\t\t\t\t\t\t<label for=\"form-field-field_9d4aa46\" class=\"elementor-field-label\">\n\t\t\t\t\t\t\t\tRolle\t\t\t\t\t\t\t<\/label>\n\t\t\t\t\t\t\t\t\t\t\t\t\t\t<input size=\"1\" type=\"text\" name=\"form_fields[field_9d4aa46]\" id=\"form-field-field_9d4aa46\" class=\"elementor-field elementor-size-lg  elementor-field-textual\">\n\t\t\t\t\t\t\t\t\t\t\t<\/div>\n\t\t\t\t\t\t\t\t<div class=\"elementor-field-type-select elementor-field-group elementor-column elementor-field-group-field_3f1f219 elementor-col-33\">\n\t\t\t\t\t\t\t\t\t\t\t\t<label for=\"form-field-field_3f1f219\" class=\"elementor-field-label\">\n\t\t\t\t\t\t\t\tIndustrie \/ Sektor\t\t\t\t\t\t\t<\/label>\n\t\t\t\t\t\t\t\t<div class=\"elementor-field elementor-select-wrapper remove-before \">\n\t\t\t<div class=\"select-caret-down-wrapper\">\n\t\t\t\t<svg aria-hidden=\"true\" class=\"e-font-icon-svg e-eicon-caret-down\" viewBox=\"0 0 571.4 571.4\" xmlns=\"http:\/\/www.w3.org\/2000\/svg\"><path d=\"M571 393Q571 407 561 418L311 668Q300 679 286 679T261 668L11 418Q0 407 0 393T11 368 36 357H536Q550 357 561 368T571 393Z\"><\/path><\/svg>\t\t\t<\/div>\n\t\t\t<select name=\"form_fields[field_3f1f219]\" id=\"form-field-field_3f1f219\" class=\"elementor-field-textual elementor-size-lg\">\n\t\t\t\t\t\t\t\t\t<option value=\"Automobilindustrie\">Automobilindustrie<\/option>\n\t\t\t\t\t\t\t\t\t<option value=\"Bauwesen und Konstruktion\">Bauwesen und Konstruktion<\/option>\n\t\t\t\t\t\t\t\t\t<option value=\"Chemikalien und Leistungstechnologien\">Chemikalien und Leistungstechnologien<\/option>\n\t\t\t\t\t\t\t\t\t<option value=\"Energie und nat\u00fcrliche Ressourcen\">Energie und nat\u00fcrliche Ressourcen<\/option>\n\t\t\t\t\t\t\t\t\t<option value=\"Finanzdienstleistungen\">Finanzdienstleistungen<\/option>\n\t\t\t\t\t\t\t\t\t<option value=\"Lebensmittel, Getr\u00e4nke und Konsumg\u00fcter\">Lebensmittel, Getr\u00e4nke und Konsumg\u00fcter<\/option>\n\t\t\t\t\t\t\t\t\t<option value=\"Regierung und \u00f6ffentlicher Sektor\">Regierung und \u00f6ffentlicher Sektor<\/option>\n\t\t\t\t\t\t\t\t\t<option value=\"Gesundheitswesen\">Gesundheitswesen<\/option>\n\t\t\t\t\t\t\t\t\t<option value=\"Industrielle Fertigung\">Industrielle Fertigung<\/option>\n\t\t\t\t\t\t\t\t\t<option value=\"Infrastruktur\">Infrastruktur<\/option>\n\t\t\t\t\t\t\t\t\t<option value=\"Biowissenschaften\">Biowissenschaften<\/option>\n\t\t\t\t\t\t\t\t\t<option value=\"Medien\">Medien<\/option>\n\t\t\t\t\t\t\t\t\t<option value=\"Professionelle und gesch\u00e4ftliche Dienstleistungen\">Professionelle und gesch\u00e4ftliche Dienstleistungen<\/option>\n\t\t\t\t\t\t\t\t\t<option value=\"Immobilien\">Immobilien<\/option>\n\t\t\t\t\t\t\t\t\t<option value=\"Regulatorische Einblicke\">Regulatorische Einblicke<\/option>\n\t\t\t\t\t\t\t\t\t<option value=\"Einzelhandel\">Einzelhandel<\/option>\n\t\t\t\t\t\t\t\t\t<option value=\"Technologie\">Technologie<\/option>\n\t\t\t\t\t\t\t\t\t<option value=\"Telekommunikation\">Telekommunikation<\/option>\n\t\t\t\t\t\t\t\t\t<option value=\"Transport und Logistik\">Transport und Logistik<\/option>\n\t\t\t\t\t\t\t\t\t<option value=\"Reisen, Freizeit, Tourismus\">Reisen, Freizeit, Tourismus<\/option>\n\t\t\t\t\t\t\t<\/select>\n\t\t<\/div>\n\t\t\t\t\t\t<\/div>\n\t\t\t\t\t\t\t\t<div class=\"elementor-field-type-acceptance elementor-field-group elementor-column elementor-field-group-field_0c38692 elementor-col-100\">\n\t\t\t\t\t\t\t\t\t\t\t\t<label for=\"form-field-field_0c38692\" class=\"elementor-field-label\">\n\t\t\t\t\t\t\t\tBedingungen und Konditionen\t\t\t\t\t\t\t<\/label>\n\t\t\t\t\t\t\t\t<div class=\"elementor-field-subgroup\">\n\t\t\t<span class=\"elementor-field-option\">\n\t\t\t\t<input type=\"checkbox\" name=\"form_fields[field_0c38692]\" id=\"form-field-field_0c38692\" class=\"elementor-field elementor-size-lg  elementor-acceptance-field\">\n\t\t\t\t<label for=\"form-field-field_0c38692\">Ich best\u00e4tige, dass ich die in der Datenschutzrichtlinie von Sphynx genannten Bedingungen gelesen und verstanden habe.<\/label>\t\t\t<\/span>\n\t\t<\/div>\n\t\t\t\t\t\t<\/div>\n\t\t\t\t\t\t\t\t<div class=\"elementor-field-type-recaptcha_v3 elementor-field-group elementor-column elementor-field-group-field_ae1e49f elementor-col-100 recaptcha_v3-inline\">\n\t\t\t\t\t<div class=\"elementor-field\" id=\"form-field-field_ae1e49f\"><div class=\"elementor-g-recaptcha\" data-sitekey=\"6Leu4-AqAAAAAFHd8CKILK6OnRZLEyHFSegbx_HL\" data-type=\"v3\" data-action=\"Form\" data-badge=\"inline\" data-size=\"invisible\"><\/div><\/div>\t\t\t\t<\/div>\n\t\t\t\t\t\t\t\t<div class=\"elementor-field-group elementor-column elementor-field-type-submit elementor-col-100 e-form__buttons elementor-md-100\">\n\t\t\t\t\t<button class=\"elementor-button elementor-size-md\" type=\"submit\">\n\t\t\t\t\t\t<span class=\"elementor-button-content-wrapper\">\n\t\t\t\t\t\t\t\t\t\t\t\t\t\t\t\t\t\t\t\t\t\t<span class=\"elementor-button-text\">Buchen Sie ein Meeting<\/span>\n\t\t\t\t\t\t\t\t\t\t\t\t\t<\/span>\n\t\t\t\t\t<\/button>\n\t\t\t\t<\/div>\n\t\t\t<\/div>\n\t\t<\/form>\n\t\t\t\t\t\t<\/div>\n\t\t\t\t<\/div>\n\t\t\t\t<\/div>\n\t\t\t\t\t<\/div>\n\t\t\t\t<\/div>\n\t\t\t\t<\/div>\n\t\t","protected":false},"excerpt":{"rendered":"<p>Buchen Sie ein Meeting Vereinbaren Sie einen Termin mit uns, um herauszufinden, wie Ihre Organisation von unseren Dienstleistungen profitieren kann! Einen Anruf vereinbaren Geben Sie Ihre Daten ein und unser Team wird sich mit Ihnen in Verbindung setzen, um einen Termin f\u00fcr ein Einf\u00fchrungsgespr\u00e4ch zu vereinbaren:<\/p>\n","protected":false},"author":8,"featured_media":0,"parent":0,"menu_order":0,"comment_status":"closed","ping_status":"closed","template":"","meta":{"_acf_changed":false,"inline_featured_image":false,"footnotes":""},"class_list":["post-9648","page","type-page","status-publish","hentry"],"acf":[],"yoast_head":"<!-- This site is optimized with the Yoast SEO plugin v27.5 - https:\/\/yoast.com\/product\/yoast-seo-wordpress\/ -->\n<title>Buchen Sie ein Meeting - Sphynx<\/title>\n<meta name=\"robots\" content=\"index, follow, max-snippet:-1, max-image-preview:large, max-video-preview:-1\" \/>\n<link rel=\"canonical\" href=\"https:\/\/sphynx.ch\/de\/buchen-sie-ein-meeting\/\" \/>\n<meta property=\"og:locale\" content=\"de_DE\" \/>\n<meta property=\"og:type\" content=\"article\" \/>\n<meta property=\"og:title\" content=\"Buchen Sie ein Meeting - Sphynx\" \/>\n<meta property=\"og:description\" content=\"Buchen Sie ein Meeting Vereinbaren Sie einen Termin mit uns, um herauszufinden, wie Ihre Organisation von unseren Dienstleistungen profitieren kann! Einen Anruf vereinbaren Geben Sie Ihre Daten ein und unser Team wird sich mit Ihnen in Verbindung setzen, um einen Termin f\u00fcr ein Einf\u00fchrungsgespr\u00e4ch zu vereinbaren:\" \/>\n<meta property=\"og:url\" content=\"https:\/\/sphynx.ch\/de\/buchen-sie-ein-meeting\/\" \/>\n<meta property=\"og:site_name\" content=\"Sphynx\" \/>\n<meta property=\"article:modified_time\" content=\"2026-04-06T08:47:36+00:00\" \/>\n<meta property=\"og:image\" content=\"https:\/\/sphynx.ch\/wp-content\/uploads\/2025\/02\/OG-Image.webp\" \/>\n\t<meta property=\"og:image:width\" content=\"1200\" \/>\n\t<meta property=\"og:image:height\" content=\"675\" \/>\n\t<meta property=\"og:image:type\" content=\"image\/webp\" \/>\n<meta name=\"twitter:card\" content=\"summary_large_image\" \/>\n<meta name=\"twitter:label1\" content=\"Est. reading time\" \/>\n\t<meta name=\"twitter:data1\" content=\"1 minute\" \/>\n<script type=\"application\/ld+json\" class=\"yoast-schema-graph\">{\"@context\":\"https:\\\/\\\/schema.org\",\"@graph\":[{\"@type\":\"WebPage\",\"@id\":\"https:\\\/\\\/sphynx.ch\\\/de\\\/buchen-sie-ein-meeting\\\/\",\"url\":\"https:\\\/\\\/sphynx.ch\\\/de\\\/buchen-sie-ein-meeting\\\/\",\"name\":\"Buchen Sie ein Meeting - Sphynx\",\"isPartOf\":{\"@id\":\"https:\\\/\\\/sphynx.ch\\\/de\\\/#website\"},\"datePublished\":\"2024-12-20T10:20:29+00:00\",\"dateModified\":\"2026-04-06T08:47:36+00:00\",\"breadcrumb\":{\"@id\":\"https:\\\/\\\/sphynx.ch\\\/de\\\/buchen-sie-ein-meeting\\\/#breadcrumb\"},\"inLanguage\":\"de-DE\",\"potentialAction\":[{\"@type\":\"ReadAction\",\"target\":[\"https:\\\/\\\/sphynx.ch\\\/de\\\/buchen-sie-ein-meeting\\\/\"]}]},{\"@type\":\"BreadcrumbList\",\"@id\":\"https:\\\/\\\/sphynx.ch\\\/de\\\/buchen-sie-ein-meeting\\\/#breadcrumb\",\"itemListElement\":[{\"@type\":\"ListItem\",\"position\":1,\"name\":\"Home\",\"item\":\"https:\\\/\\\/sphynx.ch\\\/de\\\/\"},{\"@type\":\"ListItem\",\"position\":2,\"name\":\"Buchen Sie ein Meeting\"}]},{\"@type\":\"WebSite\",\"@id\":\"https:\\\/\\\/sphynx.ch\\\/de\\\/#website\",\"url\":\"https:\\\/\\\/sphynx.ch\\\/de\\\/\",\"name\":\"Sphynx\",\"description\":\"Cutting-edge Cybersecurity Technologies\",\"publisher\":{\"@id\":\"https:\\\/\\\/sphynx.ch\\\/de\\\/#organization\"},\"potentialAction\":[{\"@type\":\"SearchAction\",\"target\":{\"@type\":\"EntryPoint\",\"urlTemplate\":\"https:\\\/\\\/sphynx.ch\\\/de\\\/?s={search_term_string}\"},\"query-input\":{\"@type\":\"PropertyValueSpecification\",\"valueRequired\":true,\"valueName\":\"search_term_string\"}}],\"inLanguage\":\"de-DE\"},{\"@type\":\"Organization\",\"@id\":\"https:\\\/\\\/sphynx.ch\\\/de\\\/#organization\",\"name\":\"Sphynx\",\"url\":\"https:\\\/\\\/sphynx.ch\\\/de\\\/\",\"logo\":{\"@type\":\"ImageObject\",\"inLanguage\":\"de-DE\",\"@id\":\"https:\\\/\\\/sphynx.ch\\\/de\\\/#\\\/schema\\\/logo\\\/image\\\/\",\"url\":\"https:\\\/\\\/sphynx.ch\\\/wp-content\\\/uploads\\\/2025\\\/02\\\/OG-Image.webp\",\"contentUrl\":\"https:\\\/\\\/sphynx.ch\\\/wp-content\\\/uploads\\\/2025\\\/02\\\/OG-Image.webp\",\"width\":1200,\"height\":675,\"caption\":\"Sphynx\"},\"image\":{\"@id\":\"https:\\\/\\\/sphynx.ch\\\/de\\\/#\\\/schema\\\/logo\\\/image\\\/\"}}]}<\/script>\n<!-- \/ Yoast SEO plugin. -->","yoast_head_json":{"title":"Buchen Sie ein Meeting - Sphynx","robots":{"index":"index","follow":"follow","max-snippet":"max-snippet:-1","max-image-preview":"max-image-preview:large","max-video-preview":"max-video-preview:-1"},"canonical":"https:\/\/sphynx.ch\/de\/buchen-sie-ein-meeting\/","og_locale":"de_DE","og_type":"article","og_title":"Buchen Sie ein Meeting - Sphynx","og_description":"Buchen Sie ein Meeting Vereinbaren Sie einen Termin mit uns, um herauszufinden, wie Ihre Organisation von unseren Dienstleistungen profitieren kann! Einen Anruf vereinbaren Geben Sie Ihre Daten ein und unser Team wird sich mit Ihnen in Verbindung setzen, um einen Termin f\u00fcr ein Einf\u00fchrungsgespr\u00e4ch zu vereinbaren:","og_url":"https:\/\/sphynx.ch\/de\/buchen-sie-ein-meeting\/","og_site_name":"Sphynx","article_modified_time":"2026-04-06T08:47:36+00:00","og_image":[{"width":1200,"height":675,"url":"https:\/\/sphynx.ch\/wp-content\/uploads\/2025\/02\/OG-Image.webp","type":"image\/webp"}],"twitter_card":"summary_large_image","twitter_misc":{"Est. reading time":"1 minute"},"schema":{"@context":"https:\/\/schema.org","@graph":[{"@type":"WebPage","@id":"https:\/\/sphynx.ch\/de\/buchen-sie-ein-meeting\/","url":"https:\/\/sphynx.ch\/de\/buchen-sie-ein-meeting\/","name":"Buchen Sie ein Meeting - Sphynx","isPartOf":{"@id":"https:\/\/sphynx.ch\/de\/#website"},"datePublished":"2024-12-20T10:20:29+00:00","dateModified":"2026-04-06T08:47:36+00:00","breadcrumb":{"@id":"https:\/\/sphynx.ch\/de\/buchen-sie-ein-meeting\/#breadcrumb"},"inLanguage":"de-DE","potentialAction":[{"@type":"ReadAction","target":["https:\/\/sphynx.ch\/de\/buchen-sie-ein-meeting\/"]}]},{"@type":"BreadcrumbList","@id":"https:\/\/sphynx.ch\/de\/buchen-sie-ein-meeting\/#breadcrumb","itemListElement":[{"@type":"ListItem","position":1,"name":"Home","item":"https:\/\/sphynx.ch\/de\/"},{"@type":"ListItem","position":2,"name":"Buchen Sie ein Meeting"}]},{"@type":"WebSite","@id":"https:\/\/sphynx.ch\/de\/#website","url":"https:\/\/sphynx.ch\/de\/","name":"Sphynx","description":"Cutting-edge Cybersecurity Technologies","publisher":{"@id":"https:\/\/sphynx.ch\/de\/#organization"},"potentialAction":[{"@type":"SearchAction","target":{"@type":"EntryPoint","urlTemplate":"https:\/\/sphynx.ch\/de\/?s={search_term_string}"},"query-input":{"@type":"PropertyValueSpecification","valueRequired":true,"valueName":"search_term_string"}}],"inLanguage":"de-DE"},{"@type":"Organization","@id":"https:\/\/sphynx.ch\/de\/#organization","name":"Sphynx","url":"https:\/\/sphynx.ch\/de\/","logo":{"@type":"ImageObject","inLanguage":"de-DE","@id":"https:\/\/sphynx.ch\/de\/#\/schema\/logo\/image\/","url":"https:\/\/sphynx.ch\/wp-content\/uploads\/2025\/02\/OG-Image.webp","contentUrl":"https:\/\/sphynx.ch\/wp-content\/uploads\/2025\/02\/OG-Image.webp","width":1200,"height":675,"caption":"Sphynx"},"image":{"@id":"https:\/\/sphynx.ch\/de\/#\/schema\/logo\/image\/"}}]}},"_links":{"self":[{"href":"https:\/\/sphynx.ch\/de\/wp-json\/wp\/v2\/pages\/9648","targetHints":{"allow":["GET"]}}],"collection":[{"href":"https:\/\/sphynx.ch\/de\/wp-json\/wp\/v2\/pages"}],"about":[{"href":"https:\/\/sphynx.ch\/de\/wp-json\/wp\/v2\/types\/page"}],"author":[{"embeddable":true,"href":"https:\/\/sphynx.ch\/de\/wp-json\/wp\/v2\/users\/8"}],"replies":[{"embeddable":true,"href":"https:\/\/sphynx.ch\/de\/wp-json\/wp\/v2\/comments?post=9648"}],"version-history":[{"count":7,"href":"https:\/\/sphynx.ch\/de\/wp-json\/wp\/v2\/pages\/9648\/revisions"}],"predecessor-version":[{"id":13782,"href":"https:\/\/sphynx.ch\/de\/wp-json\/wp\/v2\/pages\/9648\/revisions\/13782"}],"wp:attachment":[{"href":"https:\/\/sphynx.ch\/de\/wp-json\/wp\/v2\/media?parent=9648"}],"curies":[{"name":"wp","href":"https:\/\/api.w.org\/{rel}","templated":true}]}}